{"id":511,"date":"2019-02-10T19:41:33","date_gmt":"2019-02-10T18:41:33","guid":{"rendered":"http:\/\/test01.tedis-gmbh.de\/?page_id=511"},"modified":"2021-01-23T18:20:49","modified_gmt":"2021-01-23T17:20:49","slug":"service","status":"publish","type":"page","link":"http:\/\/tedis-gmbh.de\/?page_id=511","title":{"rendered":"Service"},"content":{"rendered":"\n<div class=\"wp-block-image\"><figure class=\"alignright is-resized\"><a href=\"http:\/\/test01.tedis-gmbh.de\/wp-content\/uploads\/2019\/02\/tedis_gmbh_Vorteile_Kunden_Leistungen_Wartungsvertrag.jpg\"><img loading=\"lazy\" src=\"http:\/\/test01.tedis-gmbh.de\/wp-content\/uploads\/2019\/02\/tedis_gmbh_Vorteile_Kunden_Leistungen_Wartungsvertrag_2-724x1024.jpg\" alt=\"\" class=\"wp-image-527\" width=\"263\" height=\"372\" srcset=\"http:\/\/tedis-gmbh.de\/wp-content\/uploads\/2019\/02\/tedis_gmbh_Vorteile_Kunden_Leistungen_Wartungsvertrag_2-724x1024.jpg 724w, http:\/\/tedis-gmbh.de\/wp-content\/uploads\/2019\/02\/tedis_gmbh_Vorteile_Kunden_Leistungen_Wartungsvertrag_2-212x300.jpg 212w, http:\/\/tedis-gmbh.de\/wp-content\/uploads\/2019\/02\/tedis_gmbh_Vorteile_Kunden_Leistungen_Wartungsvertrag_2-768x1086.jpg 768w\" sizes=\"(max-width: 263px) 100vw, 263px\" \/><\/a><figcaption>Wartungsvertrag<\/figcaption><\/figure><\/div>\n\n\n\n<p>Die Fa. TEDIS GmbH steht ihnen mit besonderen Service-Leistungen  zur Verf\u00fcgung!<\/p>\n\n\n\n<ul><li> Aufnahme von Prozessabl\u00e4ufen und deren Bewertungen vor Ort beim Kunden (Was ist die richtige L\u00f6sung?)<\/li><li>Gutachten und Zustandsbewertungen der Betriebsmittel<\/li><li>Individuelle Beratung bei Neu- und Ersatzbeschaffungen<\/li><li>Abnahmen und Erstinbetriebnahme von Betriebsmitteln<\/li><li>Fragen zu den Pr\u00fcfpflichten der Betriebsmittel <\/li><\/ul>\n\n\n<p style=\"text-align: center;\"><strong>Unseren Wartungsvertrag und Ihre Vorteile<br>dazu k\u00f6nnen Sie <a href=\"http:\/\/test01.tedis-gmbh.de\/wp-content\/uploads\/2019\/02\/Vorteile-Wartungsvertrag.pdf\" target=\"_blank\" rel=\"noopener\">hier<\/a> einsehen (PDF-Download).<\/strong><\/p>\n\n\n<p>Nehmen Sie <a href=\"http:\/\/test01.tedis-gmbh.de\/?page_id=168\">Kontakt<\/a> mit uns auf!<\/p>\n\n\n\n<div style=\"height:62px\" aria-hidden=\"true\" class=\"wp-block-spacer\"><\/div>\n","protected":false},"excerpt":{"rendered":"<p>Die Fa. TEDIS GmbH steht ihnen mit besonderen Service-Leistungen zur Verf\u00fcgung! Aufnahme von Prozessabl\u00e4ufen und deren Bewertungen vor Ort beim Kunden (Was ist die richtige L\u00f6sung?) Gutachten und Zustandsbewertungen der Betriebsmittel Individuelle Beratung bei Neu- und Ersatzbeschaffungen Abnahmen und Erstinbetriebnahme von Betriebsmitteln Fragen zu den Pr\u00fcfpflichten der Betriebsmittel Unseren Wartungsvertrag und Ihre Vorteiledazu k\u00f6nnen Sie &#8230; <a title=\"Service\" class=\"read-more\" href=\"http:\/\/tedis-gmbh.de\/?page_id=511\">Read more<\/a><\/p>\n","protected":false},"author":1,"featured_media":0,"parent":0,"menu_order":0,"comment_status":"closed","ping_status":"closed","template":"","meta":[],"_links":{"self":[{"href":"http:\/\/tedis-gmbh.de\/index.php?rest_route=\/wp\/v2\/pages\/511"}],"collection":[{"href":"http:\/\/tedis-gmbh.de\/index.php?rest_route=\/wp\/v2\/pages"}],"about":[{"href":"http:\/\/tedis-gmbh.de\/index.php?rest_route=\/wp\/v2\/types\/page"}],"author":[{"embeddable":true,"href":"http:\/\/tedis-gmbh.de\/index.php?rest_route=\/wp\/v2\/users\/1"}],"replies":[{"embeddable":true,"href":"http:\/\/tedis-gmbh.de\/index.php?rest_route=%2Fwp%2Fv2%2Fcomments&post=511"}],"version-history":[{"count":15,"href":"http:\/\/tedis-gmbh.de\/index.php?rest_route=\/wp\/v2\/pages\/511\/revisions"}],"predecessor-version":[{"id":820,"href":"http:\/\/tedis-gmbh.de\/index.php?rest_route=\/wp\/v2\/pages\/511\/revisions\/820"}],"wp:attachment":[{"href":"http:\/\/tedis-gmbh.de\/index.php?rest_route=%2Fwp%2Fv2%2Fmedia&parent=511"}],"curies":[{"name":"wp","href":"https:\/\/api.w.org\/{rel}","templated":true}]}}