{"id":341,"date":"2019-02-08T17:46:10","date_gmt":"2019-02-08T17:46:10","guid":{"rendered":"http:\/\/test01.tedis-gmbh.de\/?page_id=341"},"modified":"2021-01-23T18:23:44","modified_gmt":"2021-01-23T17:23:44","slug":"warten","status":"publish","type":"page","link":"http:\/\/tedis-gmbh.de\/?page_id=341","title":{"rendered":"Warten"},"content":{"rendered":"\n<ul class=\"wp-block-gallery aligncenter columns-1 is-cropped alignright\"><li class=\"blocks-gallery-item\"><figure><img loading=\"lazy\" width=\"715\" height=\"476\" src=\"http:\/\/test01.tedis-gmbh.de\/wp-content\/uploads\/2019\/02\/Kanal_Wartung_Tedis.jpg\" alt=\"\" data-id=\"365\" data-link=\"http:\/\/test01.tedis-gmbh.de\/?attachment_id=365#main\" class=\"wp-image-365\" srcset=\"http:\/\/tedis-gmbh.de\/wp-content\/uploads\/2019\/02\/Kanal_Wartung_Tedis.jpg 715w, http:\/\/tedis-gmbh.de\/wp-content\/uploads\/2019\/02\/Kanal_Wartung_Tedis-300x200.jpg 300w\" sizes=\"(max-width: 715px) 100vw, 715px\" \/><\/figure><\/li><li class=\"blocks-gallery-item\"><figure><img loading=\"lazy\" width=\"632\" height=\"422\" src=\"http:\/\/test01.tedis-gmbh.de\/wp-content\/uploads\/2019\/02\/Portalkran_Tedis_Outside.jpg\" alt=\"\" data-id=\"366\" data-link=\"http:\/\/test01.tedis-gmbh.de\/?attachment_id=366#main\" class=\"wp-image-366\" srcset=\"http:\/\/tedis-gmbh.de\/wp-content\/uploads\/2019\/02\/Portalkran_Tedis_Outside.jpg 632w, http:\/\/tedis-gmbh.de\/wp-content\/uploads\/2019\/02\/Portalkran_Tedis_Outside-300x200.jpg 300w\" sizes=\"(max-width: 632px) 100vw, 632px\" \/><\/figure><\/li><\/ul>\n\n\n\n<p>Um unerwartete und st\u00f6rende Ausf\u00e4lle ihrer Betriebsmittel zu vermeiden, \u00fcbernimmt die Fa. TEDIS GmbH auch vorbeugende Wartungsaufgaben. <\/p>\n\n\n\n<div style=\"height:20px\" aria-hidden=\"true\" class=\"wp-block-spacer\"><\/div>\n\n\n\n<h3>1.\nWartungen bei unseren Pr\u00fcfaufgaben:<\/h3>\n\n\n<p>Wir nutzen die Begutachtung bei der Pr\u00fcfung und f\u00fchren gleich eine entsprechende Wartung durch, die mit Standardwerkzeugen und Standardschmierstoffen vor Ort umsetzbar ist.<\/p>\n<p><\/p>\n\n\n<div style=\"height:20px\" aria-hidden=\"true\" class=\"wp-block-spacer\"><\/div>\n\n\n\n<h3>2.\nSeparat durchgef\u00fchrte Wartungsaufgaben:<\/h3>\n\n\n<p>Wir legen mit dem Kunden zusammen entsprechend der Nutzung und der Herstellerangaben einen individuellen Wartungsplan f\u00fcr die entsprechenden Betriebsmittel fest und halten hierf\u00fcr entsprechend ben\u00f6tigtes Sonderwerkzeug, Reinigungs- und Schmierstoffe zur Verf\u00fcgung. Wenn n\u00f6tig, k\u00f6nnen auch erforderliche Ersatzteilpakete definiert werden.<\/p>\n\n\n<p style=\"text-align:center\"><strong><a href=\"http:\/\/test01.tedis-gmbh.de\/?page_id=511\">Wir bieten Ihnen auch die M\u00f6glichkeit von Wartungsvertr\u00e4gen an!<br><\/a><\/strong><\/p>\n","protected":false},"excerpt":{"rendered":"<p>Um unerwartete und st\u00f6rende Ausf\u00e4lle ihrer Betriebsmittel zu vermeiden, \u00fcbernimmt die Fa. TEDIS GmbH auch vorbeugende Wartungsaufgaben. 1. Wartungen bei unseren Pr\u00fcfaufgaben: Wir nutzen die Begutachtung bei der Pr\u00fcfung und f\u00fchren gleich eine entsprechende Wartung durch, die mit Standardwerkzeugen und Standardschmierstoffen vor Ort umsetzbar ist. 2. Separat durchgef\u00fchrte Wartungsaufgaben: Wir legen mit dem Kunden zusammen &#8230; <a title=\"Warten\" class=\"read-more\" href=\"http:\/\/tedis-gmbh.de\/?page_id=341\">Read more<\/a><\/p>\n","protected":false},"author":1,"featured_media":0,"parent":0,"menu_order":0,"comment_status":"closed","ping_status":"closed","template":"","meta":[],"_links":{"self":[{"href":"http:\/\/tedis-gmbh.de\/index.php?rest_route=\/wp\/v2\/pages\/341"}],"collection":[{"href":"http:\/\/tedis-gmbh.de\/index.php?rest_route=\/wp\/v2\/pages"}],"about":[{"href":"http:\/\/tedis-gmbh.de\/index.php?rest_route=\/wp\/v2\/types\/page"}],"author":[{"embeddable":true,"href":"http:\/\/tedis-gmbh.de\/index.php?rest_route=\/wp\/v2\/users\/1"}],"replies":[{"embeddable":true,"href":"http:\/\/tedis-gmbh.de\/index.php?rest_route=%2Fwp%2Fv2%2Fcomments&post=341"}],"version-history":[{"count":17,"href":"http:\/\/tedis-gmbh.de\/index.php?rest_route=\/wp\/v2\/pages\/341\/revisions"}],"predecessor-version":[{"id":822,"href":"http:\/\/tedis-gmbh.de\/index.php?rest_route=\/wp\/v2\/pages\/341\/revisions\/822"}],"wp:attachment":[{"href":"http:\/\/tedis-gmbh.de\/index.php?rest_route=%2Fwp%2Fv2%2Fmedia&parent=341"}],"curies":[{"name":"wp","href":"https:\/\/api.w.org\/{rel}","templated":true}]}}