{"id":187,"date":"2019-01-26T17:18:23","date_gmt":"2019-01-26T17:18:23","guid":{"rendered":"http:\/\/test01.tedis-gmbh.de\/?page_id=187"},"modified":"2021-01-23T18:05:50","modified_gmt":"2021-01-23T17:05:50","slug":"willkommen-bei-tedis-gmbh","status":"publish","type":"page","link":"http:\/\/tedis-gmbh.de\/","title":{"rendered":"TEDIS Gmbh &#8211; Technische Dienstleistung Gmbh"},"content":{"rendered":"\n<div style=\"height:20px\" aria-hidden=\"true\" class=\"wp-block-spacer\"><\/div>\n\n\n\n<div class=\"wp-block-image\"><figure class=\"aligncenter\"><img loading=\"lazy\" width=\"1024\" height=\"284\" src=\"http:\/\/tedis-gmbh.de\/wp-content\/uploads\/2019\/02\/tedis_technische_dienstleistungen_6-1024x284.jpg\" alt=\"\" class=\"wp-image-626\" srcset=\"http:\/\/tedis-gmbh.de\/wp-content\/uploads\/2019\/02\/tedis_technische_dienstleistungen_6-1024x284.jpg 1024w, http:\/\/tedis-gmbh.de\/wp-content\/uploads\/2019\/02\/tedis_technische_dienstleistungen_6-300x83.jpg 300w, http:\/\/tedis-gmbh.de\/wp-content\/uploads\/2019\/02\/tedis_technische_dienstleistungen_6-768x213.jpg 768w\" sizes=\"(max-width: 1024px) 100vw, 1024px\" \/><\/figure><\/div>\n\n\n\n<hr class=\"wp-block-separator\"\/>\n\n\n\n<hr class=\"wp-block-separator\"\/>\n\n\n\n<p>TEDIS GmbH ist ein Dienstleistungsunternehmen und sorgt daf\u00fcr, dass Ihre Betriebsmittel zu jeder Zeit einsatzbereit und sicher f\u00fcr Ihre Mitarbeiter sind.  Nur durch den st\u00f6rungsfreien Einsatz Ihrer Anlagen und Betriebsmittel  k\u00f6nnen Unternehmen ihre Gesch\u00e4ftsprozesse\u00a0 zum Erfolg f\u00fchren. <\/p>\n\n\n\n<div class=\"wp-block-columns alignwide has-3-columns\">\n<div class=\"wp-block-column\">\n<div class=\"wp-block-image\"><figure class=\"alignleft\"><a href=\"http:\/\/tedis-gmbh.de\/?page_id=325\" target=\"_blank\" rel=\"noreferrer noopener\"><img loading=\"lazy\" width=\"232\" height=\"300\" src=\"http:\/\/tedis-gmbh.de\/wp-content\/uploads\/2020\/05\/pr\u00fcfung_tedis-1-232x300.png\" alt=\"\" class=\"wp-image-800\" srcset=\"http:\/\/tedis-gmbh.de\/wp-content\/uploads\/2020\/05\/pr\u00fcfung_tedis-1-232x300.png 232w, http:\/\/tedis-gmbh.de\/wp-content\/uploads\/2020\/05\/pr\u00fcfung_tedis-1.png 564w\" sizes=\"(max-width: 232px) 100vw, 232px\" \/><\/a><\/figure><\/div>\n\n\n\n<p><\/p>\n<\/div>\n\n\n\n<div class=\"wp-block-column\">\n<div class=\"wp-block-image\"><figure class=\"alignleft\"><a href=\"http:\/\/tedis-gmbh.de\/?page_id=341\"><img loading=\"lazy\" width=\"232\" height=\"300\" src=\"http:\/\/tedis-gmbh.de\/wp-content\/uploads\/2020\/05\/wartung_tedis-232x300.png\" alt=\"\" class=\"wp-image-783\" srcset=\"http:\/\/tedis-gmbh.de\/wp-content\/uploads\/2020\/05\/wartung_tedis-232x300.png 232w, http:\/\/tedis-gmbh.de\/wp-content\/uploads\/2020\/05\/wartung_tedis.png 564w\" sizes=\"(max-width: 232px) 100vw, 232px\" \/><\/a><\/figure><\/div>\n\n\n\n<p><\/p>\n<\/div>\n\n\n\n<div class=\"wp-block-column\">\n<figure class=\"wp-block-image\"><a href=\"http:\/\/tedis-gmbh.de\/?page_id=166\"><img loading=\"lazy\" width=\"232\" height=\"300\" src=\"http:\/\/tedis-gmbh.de\/wp-content\/uploads\/2020\/05\/ersatzteil_tedis-1-232x300.png\" alt=\"\" class=\"wp-image-796\" srcset=\"http:\/\/tedis-gmbh.de\/wp-content\/uploads\/2020\/05\/ersatzteil_tedis-1-232x300.png 232w, http:\/\/tedis-gmbh.de\/wp-content\/uploads\/2020\/05\/ersatzteil_tedis-1.png 563w\" sizes=\"(max-width: 232px) 100vw, 232px\" \/><\/a><\/figure>\n\n\n\n<p><\/p>\n<\/div>\n<\/div>\n\n\n\n<p><\/p>\n\n\n\n<p><strong>Unsere Spezialgebiete sind:&nbsp;&nbsp;&nbsp;<\/strong> <\/p>\n\n\n\n<ul><li>Krane, Kettenz\u00fcge, Hebezeuge und Lastaufnahmemittel<\/li><li>T\u00fcren und Tore; auch Branschutzt\u00fcren und -tore<\/li><li>Hydraulikanlagen f\u00fcr Hebe- und Antriebstechnik<\/li><li>RWA Rauch-, W\u00e4rme-, und Abzugsanlagen<\/li><li>Dreht\u00fcren, Automatik-Schiebet\u00fcren<\/li><li>Zutrittskontrolle und Drehkreuze<\/li><li>Parkpaletten und Stapelparker<\/li><li>Parkanlagen und Schranken<\/li><li>Tritte und Leitern<\/li><li>Handhubwagen<\/li><li>Regalanlagen  <\/li><\/ul>\n\n\n\n<p><\/p>\n","protected":false},"excerpt":{"rendered":"<p>TEDIS GmbH ist ein Dienstleistungsunternehmen und sorgt daf\u00fcr, dass Ihre Betriebsmittel zu jeder Zeit einsatzbereit und sicher f\u00fcr Ihre Mitarbeiter sind. Nur durch den st\u00f6rungsfreien Einsatz Ihrer Anlagen und Betriebsmittel k\u00f6nnen Unternehmen ihre Gesch\u00e4ftsprozesse\u00a0 zum Erfolg f\u00fchren. Unsere Spezialgebiete sind:&nbsp;&nbsp;&nbsp; Krane, Kettenz\u00fcge, Hebezeuge und Lastaufnahmemittel T\u00fcren und Tore; auch Branschutzt\u00fcren und -tore Hydraulikanlagen f\u00fcr Hebe- &#8230; <a title=\"TEDIS Gmbh &#8211; Technische Dienstleistung Gmbh\" class=\"read-more\" href=\"http:\/\/tedis-gmbh.de\/\">Read more<\/a><\/p>\n","protected":false},"author":1,"featured_media":0,"parent":0,"menu_order":0,"comment_status":"closed","ping_status":"closed","template":"","meta":[],"_links":{"self":[{"href":"http:\/\/tedis-gmbh.de\/index.php?rest_route=\/wp\/v2\/pages\/187"}],"collection":[{"href":"http:\/\/tedis-gmbh.de\/index.php?rest_route=\/wp\/v2\/pages"}],"about":[{"href":"http:\/\/tedis-gmbh.de\/index.php?rest_route=\/wp\/v2\/types\/page"}],"author":[{"embeddable":true,"href":"http:\/\/tedis-gmbh.de\/index.php?rest_route=\/wp\/v2\/users\/1"}],"replies":[{"embeddable":true,"href":"http:\/\/tedis-gmbh.de\/index.php?rest_route=%2Fwp%2Fv2%2Fcomments&post=187"}],"version-history":[{"count":70,"href":"http:\/\/tedis-gmbh.de\/index.php?rest_route=\/wp\/v2\/pages\/187\/revisions"}],"predecessor-version":[{"id":808,"href":"http:\/\/tedis-gmbh.de\/index.php?rest_route=\/wp\/v2\/pages\/187\/revisions\/808"}],"wp:attachment":[{"href":"http:\/\/tedis-gmbh.de\/index.php?rest_route=%2Fwp%2Fv2%2Fmedia&parent=187"}],"curies":[{"name":"wp","href":"https:\/\/api.w.org\/{rel}","templated":true}]}}