{"id":174,"date":"2019-01-24T19:33:56","date_gmt":"2019-01-24T19:33:56","guid":{"rendered":"http:\/\/test01.tedis-gmbh.de\/?page_id=174"},"modified":"2021-01-23T18:08:25","modified_gmt":"2021-01-23T17:08:25","slug":"dienstleistungen","status":"publish","type":"page","link":"http:\/\/tedis-gmbh.de\/?page_id=174","title":{"rendered":"Dienstleistungen"},"content":{"rendered":"\n<div class=\"wp-block-columns has-2-columns\">\n<div class=\"wp-block-column\">\n<p>Die Fa. TEDIS GmbH hat gut ausgebildete Servicemonteure, die entsprechend den Anforderungen qualifiziert sind und \u00fcber die n\u00f6tigen gesetzlichen Zulassungen\u00a0 und die entsprechenden Sachkundigenpr\u00fcfungen verf\u00fcgen. <\/p>\n\n\n\n<p>In der Unternehmenszentrale steht Ihnen hilfsbereites Fachpersonal f\u00fcr St\u00f6rmeldungen und komplexe Reparaturanforderungen zur Verf\u00fcgung.<\/p>\n\n\n\n<p>Wir k\u00fcmmern uns mit Interesse und zeitnah um ihre Belange!<\/p>\n<\/div>\n\n\n\n<div class=\"wp-block-column\">\r\n\t<div class=\"slideshow_container slideshow_container_style-light\" style=\"height: 350px; max-width: 350px;\" data-slideshow-id=\"540\" data-style-name=\"style-light\" data-style-version=\"2.3.1\" >\r\n\r\n\t\t\t\t\t<div class=\"slideshow_loading_icon\"><\/div>\r\n\t\t\r\n\t\t<div class=\"slideshow_content\" style=\"display: none;\">\r\n\r\n\t\t\t<div class=\"slideshow_view\">\r\n\t\t\t\t<div class=\"slideshow_slide slideshow_slide_image\">\r\n\t\t\t\t\t\t\t\t\t\t\t<img src=\"http:\/\/tedis-gmbh.de\/wp-content\/uploads\/2019\/02\/tedis_schranken.jpg\" alt=\"tedis_schranken\" width=\"1181\" height=\"1181\" \/>\r\n\t\t\t\t\t\t\t\t\t\t<div class=\"slideshow_description_box slideshow_transparent\">\r\n\t\t\t\t\t\t<div class=\"slideshow_title\">tedis_schranken<\/div>\t\t\t\t\t\t\t\t\t\t\t<\/div>\r\n\t\t\t\t<\/div>\r\n\r\n\t\t\t\t\t\t<div style=\"clear: both;\"><\/div><\/div><div class=\"slideshow_view\">\r\n\t\t\t\t<div class=\"slideshow_slide slideshow_slide_image\">\r\n\t\t\t\t\t\t\t\t\t\t\t<img src=\"http:\/\/tedis-gmbh.de\/wp-content\/uploads\/2019\/02\/tedis_schnelllauftor.jpg\" alt=\"tedis_schnelllauftor\" width=\"1181\" height=\"1181\" \/>\r\n\t\t\t\t\t\t\t\t\t\t<div class=\"slideshow_description_box slideshow_transparent\">\r\n\t\t\t\t\t\t<div class=\"slideshow_title\">tedis_schnelllauftor<\/div>\t\t\t\t\t\t\t\t\t\t\t<\/div>\r\n\t\t\t\t<\/div>\r\n\r\n\t\t\t\t\t\t<div style=\"clear: both;\"><\/div><\/div><div class=\"slideshow_view\">\r\n\t\t\t\t<div class=\"slideshow_slide slideshow_slide_image\">\r\n\t\t\t\t\t\t\t\t\t\t\t<img src=\"http:\/\/tedis-gmbh.de\/wp-content\/uploads\/2019\/02\/tedis_schiebet\u00fcr.jpg\" alt=\"tedis_schiebet\u00fcr\" width=\"1181\" height=\"1181\" \/>\r\n\t\t\t\t\t\t\t\t\t\t<div class=\"slideshow_description_box slideshow_transparent\">\r\n\t\t\t\t\t\t<div class=\"slideshow_title\">tedis_schiebet\u00fcr<\/div>\t\t\t\t\t\t\t\t\t\t\t<\/div>\r\n\t\t\t\t<\/div>\r\n\r\n\t\t\t\t\t\t<div style=\"clear: both;\"><\/div><\/div><div class=\"slideshow_view\">\r\n\t\t\t\t<div class=\"slideshow_slide slideshow_slide_image\">\r\n\t\t\t\t\t\t\t\t\t\t\t<img src=\"http:\/\/tedis-gmbh.de\/wp-content\/uploads\/2019\/02\/tedis_schiebetor_au\u00dfen.jpg\" alt=\"tedis_schiebetor_au\u00dfen\" width=\"1181\" height=\"1181\" \/>\r\n\t\t\t\t\t\t\t\t\t\t<div class=\"slideshow_description_box slideshow_transparent\">\r\n\t\t\t\t\t\t<div class=\"slideshow_title\">tedis_schiebetor_au\u00dfen<\/div>\t\t\t\t\t\t\t\t\t\t\t<\/div>\r\n\t\t\t\t<\/div>\r\n\r\n\t\t\t\t\t\t<div style=\"clear: both;\"><\/div><\/div><div class=\"slideshow_view\">\r\n\t\t\t\t<div class=\"slideshow_slide slideshow_slide_image\">\r\n\t\t\t\t\t\t\t\t\t\t\t<img src=\"http:\/\/tedis-gmbh.de\/wp-content\/uploads\/2019\/02\/tedis_rolltor_au\u00dfen.jpg\" alt=\"tedis_rolltor_au\u00dfen\" width=\"1181\" height=\"1181\" \/>\r\n\t\t\t\t\t\t\t\t\t\t<div class=\"slideshow_description_box slideshow_transparent\">\r\n\t\t\t\t\t\t<div class=\"slideshow_title\">tedis_rolltor_au\u00dfen<\/div>\t\t\t\t\t\t\t\t\t\t\t<\/div>\r\n\t\t\t\t<\/div>\r\n\r\n\t\t\t\t\t\t<div style=\"clear: both;\"><\/div><\/div><div class=\"slideshow_view\">\r\n\t\t\t\t<div class=\"slideshow_slide slideshow_slide_image\">\r\n\t\t\t\t\t\t\t\t\t\t\t<img src=\"http:\/\/tedis-gmbh.de\/wp-content\/uploads\/2019\/02\/tedis_reparatur_steuerung.jpg\" alt=\"tedis_reparatur_steuerung\" width=\"1181\" height=\"1181\" \/>\r\n\t\t\t\t\t\t\t\t\t\t<div class=\"slideshow_description_box slideshow_transparent\">\r\n\t\t\t\t\t\t<div class=\"slideshow_title\">tedis_reparatur_steuerung<\/div>\t\t\t\t\t\t\t\t\t\t\t<\/div>\r\n\t\t\t\t<\/div>\r\n\r\n\t\t\t\t\t\t<div style=\"clear: both;\"><\/div><\/div><div class=\"slideshow_view\">\r\n\t\t\t\t<div class=\"slideshow_slide slideshow_slide_image\">\r\n\t\t\t\t\t\t\t\t\t\t\t<img src=\"http:\/\/tedis-gmbh.de\/wp-content\/uploads\/2019\/02\/tedis_portalkran.jpg\" alt=\"tedis_portalkran\" width=\"1181\" height=\"1181\" \/>\r\n\t\t\t\t\t\t\t\t\t\t<div class=\"slideshow_description_box slideshow_transparent\">\r\n\t\t\t\t\t\t<div class=\"slideshow_title\">tedis_portalkran<\/div>\t\t\t\t\t\t\t\t\t\t\t<\/div>\r\n\t\t\t\t<\/div>\r\n\r\n\t\t\t\t\t\t<div style=\"clear: both;\"><\/div><\/div><div class=\"slideshow_view\">\r\n\t\t\t\t<div class=\"slideshow_slide slideshow_slide_image\">\r\n\t\t\t\t\t\t\t\t\t\t\t<img src=\"http:\/\/tedis-gmbh.de\/wp-content\/uploads\/2019\/02\/tedis_laufkatze_kettenzug.jpg\" alt=\"tedis_laufkatze_kettenzug\" width=\"1181\" height=\"1181\" \/>\r\n\t\t\t\t\t\t\t\t\t\t<div class=\"slideshow_description_box slideshow_transparent\">\r\n\t\t\t\t\t\t<div class=\"slideshow_title\">tedis_laufkatze_kettenzug<\/div>\t\t\t\t\t\t\t\t\t\t\t<\/div>\r\n\t\t\t\t<\/div>\r\n\r\n\t\t\t\t\t\t<div style=\"clear: both;\"><\/div><\/div><div class=\"slideshow_view\">\r\n\t\t\t\t<div class=\"slideshow_slide slideshow_slide_image\">\r\n\t\t\t\t\t\t\t\t\t\t\t<img src=\"http:\/\/tedis-gmbh.de\/wp-content\/uploads\/2019\/02\/tedis_instandhaltung.jpg\" alt=\"tedis_instandhaltung\" width=\"1181\" height=\"1181\" \/>\r\n\t\t\t\t\t\t\t\t\t\t<div class=\"slideshow_description_box slideshow_transparent\">\r\n\t\t\t\t\t\t<div class=\"slideshow_title\">tedis_instandhaltung<\/div>\t\t\t\t\t\t\t\t\t\t\t<\/div>\r\n\t\t\t\t<\/div>\r\n\r\n\t\t\t\t\t\t<div style=\"clear: both;\"><\/div><\/div><div class=\"slideshow_view\">\r\n\t\t\t\t<div class=\"slideshow_slide slideshow_slide_image\">\r\n\t\t\t\t\t\t\t\t\t\t\t<img src=\"http:\/\/tedis-gmbh.de\/wp-content\/uploads\/2019\/02\/tedis_hochregallager.jpg\" alt=\"tedis_hochregallager\" width=\"1181\" height=\"1181\" \/>\r\n\t\t\t\t\t\t\t\t\t\t<div class=\"slideshow_description_box slideshow_transparent\">\r\n\t\t\t\t\t\t<div class=\"slideshow_title\">tedis_hochregallager<\/div>\t\t\t\t\t\t\t\t\t\t\t<\/div>\r\n\t\t\t\t<\/div>\r\n\r\n\t\t\t\t\t\t<div style=\"clear: both;\"><\/div><\/div><div class=\"slideshow_view\">\r\n\t\t\t\t<div class=\"slideshow_slide slideshow_slide_image\">\r\n\t\t\t\t\t\t\t\t\t\t\t<img src=\"http:\/\/tedis-gmbh.de\/wp-content\/uploads\/2019\/02\/tedis_fernbedienung_tor_au\u00dfen.jpg\" alt=\"tedis_fernbedienung_tor_au\u00dfen\" width=\"1181\" height=\"1181\" \/>\r\n\t\t\t\t\t\t\t\t\t\t<div class=\"slideshow_description_box slideshow_transparent\">\r\n\t\t\t\t\t\t<div class=\"slideshow_title\">tedis_fernbedienung_tor_au\u00dfen<\/div>\t\t\t\t\t\t\t\t\t\t\t<\/div>\r\n\t\t\t\t<\/div>\r\n\r\n\t\t\t\t\t\t<div style=\"clear: both;\"><\/div><\/div><div class=\"slideshow_view\">\r\n\t\t\t\t<div class=\"slideshow_slide slideshow_slide_image\">\r\n\t\t\t\t\t\t\t\t\t\t\t<img src=\"http:\/\/tedis-gmbh.de\/wp-content\/uploads\/2019\/02\/tedis_dreht\u00fcr.jpg\" alt=\"tedis_dreht\u00fcr\" width=\"1181\" height=\"1181\" \/>\r\n\t\t\t\t\t\t\t\t\t\t<div class=\"slideshow_description_box slideshow_transparent\">\r\n\t\t\t\t\t\t<div class=\"slideshow_title\">tedis_dreht\u00fcr<\/div>\t\t\t\t\t\t\t\t\t\t\t<\/div>\r\n\t\t\t\t<\/div>\r\n\r\n\t\t\t\t\t\t<div style=\"clear: both;\"><\/div><\/div><div class=\"slideshow_view\">\r\n\t\t\t\t<div class=\"slideshow_slide slideshow_slide_image\">\r\n\t\t\t\t\t\t\t\t\t\t\t<img src=\"http:\/\/tedis-gmbh.de\/wp-content\/uploads\/2019\/02\/tedis_dachfenster.jpg\" alt=\"tedis_dachfenster\" width=\"1181\" height=\"1181\" \/>\r\n\t\t\t\t\t\t\t\t\t\t<div class=\"slideshow_description_box slideshow_transparent\">\r\n\t\t\t\t\t\t<div class=\"slideshow_title\">tedis_dachfenster<\/div>\t\t\t\t\t\t\t\t\t\t\t<\/div>\r\n\t\t\t\t<\/div>\r\n\r\n\t\t\t\t\t\t<div style=\"clear: both;\"><\/div><\/div>\r\n\t\t<\/div>\r\n\r\n\t\t<div class=\"slideshow_controlPanel slideshow_transparent\" style=\"display: none;\"><ul><li class=\"slideshow_togglePlay\" data-play-text=\"Abspielen\" data-pause-text=\"Pause\"><\/li><\/ul><\/div>\r\n\r\n\t\t<div class=\"slideshow_button slideshow_previous slideshow_transparent\" role=\"button\" data-previous-text=\"Zur\u00fcck\" style=\"display: none;\"><\/div>\r\n\t\t<div class=\"slideshow_button slideshow_next slideshow_transparent\" role=\"button\" data-next-text=\"N\u00e4chstes\" style=\"display: none;\"><\/div>\r\n\r\n\t\t<div class=\"slideshow_pagination\" style=\"display: none;\" data-go-to-text=\"Gehe zum Bild\"><div class=\"slideshow_pagination_center\"><\/div><\/div>\r\n\r\n\t\t<!-- WordPress Slideshow Version 2.3.1 -->\r\n\r\n\t\t\t<\/div>\r\n\r\n\n<\/div>\n<\/div>\n\n\n<p>Unsere Leistungen k\u00f6nnen Sie auch hier einsehen: <a href=\"http:\/\/test01.tedis-gmbh.de\/wp-content\/uploads\/2019\/02\/Leistungsangebot-TEDIS.pdf\">PDF-Leistungsangebot Fa. TEDIS Gmbh<\/a><\/p>\n\n\n<div style=\"height:20px\" aria-hidden=\"true\" class=\"wp-block-spacer\"><\/div>\n\n\n\n<div class=\"wp-block-columns has-2-columns\">\n<div class=\"wp-block-column\">\n<div class=\"wp-block-button alignright is-style-squared\"><a class=\"wp-block-button__link has-background\" href=\"http:\/\/test01.tedis-gmbh.de\/?page_id=325\" style=\"background-color:#e67300\"><br>&nbsp;&nbsp; Pr\u00fcfen nach gesetzlichen Vorschriften&nbsp;&nbsp; <br><br><\/a><\/div>\n<\/div>\n\n\n\n<div class=\"wp-block-column\">\n<div class=\"wp-block-button alignleft is-style-squared\"><a class=\"wp-block-button__link has-background\" href=\"http:\/\/test01.tedis-gmbh.de\/?page_id=341\" style=\"background-color:#e67300\"><br>&nbsp;&nbsp;&nbsp;&nbsp;&nbsp;&nbsp;&nbsp;&nbsp; &nbsp; &nbsp; &nbsp; &nbsp; &nbsp; &nbsp;&nbsp;&nbsp;&nbsp;&nbsp;&nbsp;&nbsp; Warten&nbsp;&nbsp;&nbsp;&nbsp;&nbsp;&nbsp; &nbsp; &nbsp; &nbsp; &nbsp; &nbsp; &nbsp;&nbsp;&nbsp;&nbsp;&nbsp;&nbsp;&nbsp;&nbsp;&nbsp;&nbsp;&nbsp;&nbsp; <br><br><\/a><\/div>\n<\/div>\n<\/div>\n\n\n\n<div class=\"wp-block-columns has-2-columns\">\n<div class=\"wp-block-column\">\n<div class=\"wp-block-button alignright is-style-squared\"><a class=\"wp-block-button__link has-text-color has-background\" href=\"http:\/\/test01.tedis-gmbh.de\/?page_id=147\" style=\"background-color:#e67300;color:#ffffff\"><br>&nbsp;&nbsp;&nbsp;&nbsp;&nbsp;&nbsp; &nbsp; &nbsp; &nbsp;&nbsp;&nbsp;&nbsp;&nbsp;&nbsp;&nbsp;&nbsp;&nbsp;&nbsp;&nbsp;&nbsp; Reparieren&nbsp;&nbsp;&nbsp;&nbsp;&nbsp;&nbsp;&nbsp;&nbsp;&nbsp;&nbsp;&nbsp;&nbsp;&nbsp;&nbsp;&nbsp;&nbsp;&nbsp;&nbsp;&nbsp;&nbsp;&nbsp;&nbsp;&nbsp;&nbsp; <br><br><\/a><\/div>\n<\/div>\n\n\n\n<div class=\"wp-block-column\">\n<div class=\"wp-block-button alignleft is-style-squared\"><a class=\"wp-block-button__link has-background\" href=\"http:\/\/test01.tedis-gmbh.de\/?page_id=151\" style=\"background-color:#e67300\"><br>&nbsp;&nbsp;&nbsp;&nbsp;&nbsp; Noteins\u00e4tze bei Bertriebsst\u00f6rungen&nbsp;&nbsp;&nbsp;&nbsp;&nbsp;<br> <br><\/a><\/div>\n<\/div>\n<\/div>\n\n\n\n<p><br><\/p>\n","protected":false},"excerpt":{"rendered":"<p>Die Fa. TEDIS GmbH hat gut ausgebildete Servicemonteure, die entsprechend den Anforderungen qualifiziert sind und \u00fcber die n\u00f6tigen gesetzlichen Zulassungen\u00a0 und die entsprechenden Sachkundigenpr\u00fcfungen verf\u00fcgen. In der Unternehmenszentrale steht Ihnen hilfsbereites Fachpersonal f\u00fcr St\u00f6rmeldungen und komplexe Reparaturanforderungen zur Verf\u00fcgung. Wir k\u00fcmmern uns mit Interesse und zeitnah um ihre Belange! Unsere Leistungen k\u00f6nnen Sie auch hier &#8230; <a title=\"Dienstleistungen\" class=\"read-more\" href=\"http:\/\/tedis-gmbh.de\/?page_id=174\">Read more<\/a><\/p>\n","protected":false},"author":1,"featured_media":0,"parent":0,"menu_order":0,"comment_status":"closed","ping_status":"closed","template":"","meta":[],"_links":{"self":[{"href":"http:\/\/tedis-gmbh.de\/index.php?rest_route=\/wp\/v2\/pages\/174"}],"collection":[{"href":"http:\/\/tedis-gmbh.de\/index.php?rest_route=\/wp\/v2\/pages"}],"about":[{"href":"http:\/\/tedis-gmbh.de\/index.php?rest_route=\/wp\/v2\/types\/page"}],"author":[{"embeddable":true,"href":"http:\/\/tedis-gmbh.de\/index.php?rest_route=\/wp\/v2\/users\/1"}],"replies":[{"embeddable":true,"href":"http:\/\/tedis-gmbh.de\/index.php?rest_route=%2Fwp%2Fv2%2Fcomments&post=174"}],"version-history":[{"count":20,"href":"http:\/\/tedis-gmbh.de\/index.php?rest_route=\/wp\/v2\/pages\/174\/revisions"}],"predecessor-version":[{"id":810,"href":"http:\/\/tedis-gmbh.de\/index.php?rest_route=\/wp\/v2\/pages\/174\/revisions\/810"}],"wp:attachment":[{"href":"http:\/\/tedis-gmbh.de\/index.php?rest_route=%2Fwp%2Fv2%2Fmedia&parent=174"}],"curies":[{"name":"wp","href":"https:\/\/api.w.org\/{rel}","templated":true}]}}