{"id":170,"date":"2019-01-24T19:23:18","date_gmt":"2019-01-24T19:23:18","guid":{"rendered":"http:\/\/test01.tedis-gmbh.de\/?page_id=170"},"modified":"2021-01-23T18:10:09","modified_gmt":"2021-01-23T17:10:09","slug":"karriere","status":"publish","type":"page","link":"http:\/\/tedis-gmbh.de\/?page_id=170","title":{"rendered":"Karriere"},"content":{"rendered":"\n<p>Sie suchen einen neuen Job? Wir haben den richtigen f\u00fcr Sie!<\/p>\n\n\n\n<p>Die Fa. TEDIS GmbH sucht weitere engagierte Mitarbeiter, die im Servicebereich als Techniker vor Ort f\u00fcr unsere Kunden St\u00f6rungen beseitigen, oder die erforderlichen Pr\u00fcfungen durchf\u00fchrten. Hierbei stehen Ihnen die technische und fachliche Unterst\u00fctzung aus der Firmenzentrale immer zur Verf\u00fcgung.<\/p>\n\n\n\n<p>Mit\nmoderner Ausr\u00fcstung (Fahrzeug, Laptop und Handy) sind Sie immer online\nangebunden.<\/p>\n\n\n\n<div style=\"height:38px\" aria-hidden=\"true\" class=\"wp-block-spacer\"><\/div>\n\n\n\n<h2>Offene Stellen<\/h2>\n\n\n\n<hr class=\"wp-block-separator\"\/>\n\n\n\n<div class=\"wp-block-columns has-2-columns\">\n<div class=\"wp-block-column\">\n<div class=\"wp-block-columns has-2-columns\">\n<div class=\"wp-block-column\">\n<p><\/p>\n<\/div>\n\n\n\n<div class=\"wp-block-column\"><\/div>\n<\/div>\n<\/div>\n\n\n\n<div class=\"wp-block-column\">\n<div class=\"wp-block-columns has-2-columns\">\n<div class=\"wp-block-column\"><\/div>\n\n\n\n<div class=\"wp-block-column\">\n<p><\/p>\n<\/div>\n<\/div>\n\n\n\n<p><\/p>\n<\/div>\n<\/div>\n\n\n\n<div class=\"wp-block-columns has-2-columns\">\n<div class=\"wp-block-column\">\n<p><\/p>\n<\/div>\n\n\n\n<div class=\"wp-block-column\">\n<p><\/p>\n<\/div>\n<\/div>\n\n\n\n<hr class=\"wp-block-separator\"\/>\n\n\n\n<div class=\"wp-block-columns has-2-columns\">\n<div class=\"wp-block-column\">\n<h2><strong>Mechaniker \/Servicemonteur \/ Pr\u00fcfer (m\/w\/d)<\/strong><\/h2>\n\n\n\n<p><\/p>\n<\/div>\n\n\n\n<div class=\"wp-block-column\">\n<div class=\"wp-block-columns has-2-columns\">\n<div class=\"wp-block-column\">\n<div class=\"wp-block-file aligncenter\"><a href=\"http:\/\/tedis-gmbh.de\/wp-content\/uploads\/2019\/07\/Mechaniker-Elektriker.pdf\" class=\"wp-block-file__button\" download>PDF-Download <\/a><\/div>\n\n\n\n<div style=\"height:20px\" aria-hidden=\"true\" class=\"wp-block-spacer\"><\/div>\n<\/div>\n\n\n\n<div class=\"wp-block-column\">\n<figure class=\"wp-block-image is-resized\"><img loading=\"lazy\" src=\"http:\/\/test01.tedis-gmbh.de\/wp-content\/uploads\/2019\/02\/Karriere_Servicemonteur_Tedis_Stellen_Au\u00dfendienst_klein.jpg\" alt=\"\" class=\"wp-image-435\" width=\"127\" height=\"123\" srcset=\"http:\/\/tedis-gmbh.de\/wp-content\/uploads\/2019\/02\/Karriere_Servicemonteur_Tedis_Stellen_Au\u00dfendienst_klein.jpg 427w, http:\/\/tedis-gmbh.de\/wp-content\/uploads\/2019\/02\/Karriere_Servicemonteur_Tedis_Stellen_Au\u00dfendienst_klein-300x293.jpg 300w\" sizes=\"(max-width: 127px) 100vw, 127px\" \/><\/figure>\n<\/div>\n<\/div>\n<\/div>\n<\/div>\n\n\n\n<div class=\"wp-block-columns has-2-columns\">\n<div class=\"wp-block-column\">\n<p><strong>Ihre Aufgaben:<br>&#8211;<\/strong>Pr\u00fcft\u00e4tigkeiten vor Ort bei Kunden nach den gesetzlichen Vorschriften der Berufsgenossenschaften (Unfallverh\u00fctungsvorschriften \/ UVV \/DGUV);<br>-Wartungsarbeiten und Kleinreparaturen vor Ort bei Kunden;<br>-Erstellen von Pr\u00fcfberichten;<br>-Fehlersuche und Aufnahme von Ersatzteilen zur Reparatur;<br>-Arbeitseins\u00e4tze erfolgen ausschlie\u00dflich im Tagespendelbereich;<br>-Start der Eins\u00e4tze erfolgt von zu Hause mit dem Firmenfahrzeug;<\/p>\n\n\n\n<p><strong>Ausbildung:<br><\/strong>-Industriemechaniker, Mechaniker, Elektriker, Elektroniker, Kfz-Mechaniker, Schlosser, Mechatroniker, Techniker oder \u00e4hnlich;<br>-technisches und handwerkliches Geschick;<br>-Bereitschaft z. Weiterbildung (UVV- Vorschriften \/ Technikschulungen);<br>-Einarbeitung und erforderliche Schulungen werden durchgef\u00fchrt;<\/p>\n\n\n\n<p><\/p>\n<\/div>\n\n\n\n<div class=\"wp-block-column\">\n<p><strong>Kenntnisse \/ F\u00e4higkeiten:<br><\/strong>-PKW- F\u00fchrerschein;  Umgang mit dem -Firmen-Laptop (MS-Excel und MS-Outlook) und Firmen-Smartphone <br>-Moderne Kommunikation per Smartphone und mobilem Internet;<br>-Eigenst\u00e4ndiges Arbeiten nach vorgegebenen Einsatzpl\u00e4nen <br>-Lernbereitschaft und Zuverl\u00e4ssigkeit;<\/p>\n\n\n\n<p><strong>Wir bieten Ihnen:<br><\/strong>-Interessante und abwechslungsreiche Aufgaben;<br>-Gr\u00fcndliche Einarbeitung mit Fachwissen;<br>-Eigenes Montagefahrzeug mit Einsatz ab Wohnort;<br>-Moderne Kommunikation per Smartphone und mobilem Internet;<br>-Eigenverantwortliches Arbeiten im freundlichen Team;<br>-Leistungsgerechte Verg\u00fctung mit Weihnachts- und Urlaubsgeld;<\/p>\n\n\n\n<p><\/p>\n<\/div>\n<\/div>\n\n\n\n<hr class=\"wp-block-separator\"\/>\n\n\n\n<p>Bewerbungen per E-mail bitte an: Info(@)tedis-gmbh.de<\/p>\n\n\n\n<p> TEDIS-GmbH, Am Herrenacker 19, 36119 Neuhof, Mobil: 01713806779<\/p>\n","protected":false},"excerpt":{"rendered":"<p>Sie suchen einen neuen Job? Wir haben den richtigen f\u00fcr Sie! Die Fa. TEDIS GmbH sucht weitere engagierte Mitarbeiter, die im Servicebereich als Techniker vor Ort f\u00fcr unsere Kunden St\u00f6rungen beseitigen, oder die erforderlichen Pr\u00fcfungen durchf\u00fchrten. Hierbei stehen Ihnen die technische und fachliche Unterst\u00fctzung aus der Firmenzentrale immer zur Verf\u00fcgung. Mit moderner Ausr\u00fcstung (Fahrzeug, Laptop &#8230; <a title=\"Karriere\" class=\"read-more\" href=\"http:\/\/tedis-gmbh.de\/?page_id=170\">Read more<\/a><\/p>\n","protected":false},"author":1,"featured_media":0,"parent":0,"menu_order":0,"comment_status":"closed","ping_status":"closed","template":"","meta":[],"_links":{"self":[{"href":"http:\/\/tedis-gmbh.de\/index.php?rest_route=\/wp\/v2\/pages\/170"}],"collection":[{"href":"http:\/\/tedis-gmbh.de\/index.php?rest_route=\/wp\/v2\/pages"}],"about":[{"href":"http:\/\/tedis-gmbh.de\/index.php?rest_route=\/wp\/v2\/types\/page"}],"author":[{"embeddable":true,"href":"http:\/\/tedis-gmbh.de\/index.php?rest_route=\/wp\/v2\/users\/1"}],"replies":[{"embeddable":true,"href":"http:\/\/tedis-gmbh.de\/index.php?rest_route=%2Fwp%2Fv2%2Fcomments&post=170"}],"version-history":[{"count":53,"href":"http:\/\/tedis-gmbh.de\/index.php?rest_route=\/wp\/v2\/pages\/170\/revisions"}],"predecessor-version":[{"id":812,"href":"http:\/\/tedis-gmbh.de\/index.php?rest_route=\/wp\/v2\/pages\/170\/revisions\/812"}],"wp:attachment":[{"href":"http:\/\/tedis-gmbh.de\/index.php?rest_route=%2Fwp%2Fv2%2Fmedia&parent=170"}],"curies":[{"name":"wp","href":"https:\/\/api.w.org\/{rel}","templated":true}]}}