{"id":166,"date":"2019-01-24T19:20:47","date_gmt":"2019-01-24T19:20:47","guid":{"rendered":"http:\/\/test01.tedis-gmbh.de\/?page_id=166"},"modified":"2021-01-23T18:12:52","modified_gmt":"2021-01-23T17:12:52","slug":"produkte","status":"publish","type":"page","link":"http:\/\/tedis-gmbh.de\/?page_id=166","title":{"rendered":"Produkte"},"content":{"rendered":"\n<p style=\"text-align:left\">Die Fa. TEDIS GmbH liefert ihnen auch Betriebsmittel f\u00fcr die Neu- und Ersatzbeschaffung!<\/p>\n\n\n\n<p>Wir beraten Sie gerne vor Ort und k\u00f6nnen ihnen mit unserer Erfahrung die passende L\u00f6sung anbieten. <br>Fragen Sie uns an, falls sie Bedarf an Betriebsmitteln in unserem Spektrum haben.<\/p>\n\n\n\n<div class=\"wp-block-columns has-2-columns\">\n<div class=\"wp-block-column\">\n<div style=\"height:33px\" aria-hidden=\"true\" class=\"wp-block-spacer\"><\/div>\n\n\n\n<ul><li>Hydraulikanlagen f\u00fcr Hebe- und Antriebstechnik<\/li><li>Krane, Kettenz\u00fcge, Hebezeuge, Lastaufnahmemittel<\/li><li>T\u00fcren und Tore; auch Brandschutzt\u00fcren und Tore<\/li><li>Dreht\u00fcren, Automatik- Schiebet\u00fcren <\/li><li>Zutritts- Kontrolle und Drehkreuze <\/li><li>Parkanlagen und Schranken <\/li><li>Parkpaletten und Stapelparker<\/li><li>\u00dcberladebr\u00fccken und Hebeb\u00fchnen <\/li><li>RWA\u00a0 Rauch-, W\u00e4rme-, und Abzugsanlagen<\/li><li>Handhubwagen<\/li><li>Regalanlagen  <\/li><\/ul>\n<\/div>\n\n\n\n<div class=\"wp-block-column\">\r\n\t<div class=\"slideshow_container slideshow_container_style-light\" style=\"height: 350px; max-width: 350px;\" data-slideshow-id=\"540\" data-style-name=\"style-light\" data-style-version=\"2.3.1\" >\r\n\r\n\t\t\t\t\t<div class=\"slideshow_loading_icon\"><\/div>\r\n\t\t\r\n\t\t<div class=\"slideshow_content\" style=\"display: none;\">\r\n\r\n\t\t\t<div class=\"slideshow_view\">\r\n\t\t\t\t<div class=\"slideshow_slide slideshow_slide_image\">\r\n\t\t\t\t\t\t\t\t\t\t\t<img src=\"http:\/\/tedis-gmbh.de\/wp-content\/uploads\/2019\/02\/tedis_schranken.jpg\" alt=\"tedis_schranken\" width=\"1181\" height=\"1181\" \/>\r\n\t\t\t\t\t\t\t\t\t\t<div class=\"slideshow_description_box slideshow_transparent\">\r\n\t\t\t\t\t\t<div class=\"slideshow_title\">tedis_schranken<\/div>\t\t\t\t\t\t\t\t\t\t\t<\/div>\r\n\t\t\t\t<\/div>\r\n\r\n\t\t\t\t\t\t<div style=\"clear: both;\"><\/div><\/div><div class=\"slideshow_view\">\r\n\t\t\t\t<div class=\"slideshow_slide slideshow_slide_image\">\r\n\t\t\t\t\t\t\t\t\t\t\t<img src=\"http:\/\/tedis-gmbh.de\/wp-content\/uploads\/2019\/02\/tedis_schnelllauftor.jpg\" alt=\"tedis_schnelllauftor\" width=\"1181\" height=\"1181\" \/>\r\n\t\t\t\t\t\t\t\t\t\t<div class=\"slideshow_description_box slideshow_transparent\">\r\n\t\t\t\t\t\t<div class=\"slideshow_title\">tedis_schnelllauftor<\/div>\t\t\t\t\t\t\t\t\t\t\t<\/div>\r\n\t\t\t\t<\/div>\r\n\r\n\t\t\t\t\t\t<div style=\"clear: both;\"><\/div><\/div><div class=\"slideshow_view\">\r\n\t\t\t\t<div class=\"slideshow_slide slideshow_slide_image\">\r\n\t\t\t\t\t\t\t\t\t\t\t<img src=\"http:\/\/tedis-gmbh.de\/wp-content\/uploads\/2019\/02\/tedis_schiebet\u00fcr.jpg\" alt=\"tedis_schiebet\u00fcr\" width=\"1181\" height=\"1181\" \/>\r\n\t\t\t\t\t\t\t\t\t\t<div class=\"slideshow_description_box slideshow_transparent\">\r\n\t\t\t\t\t\t<div class=\"slideshow_title\">tedis_schiebet\u00fcr<\/div>\t\t\t\t\t\t\t\t\t\t\t<\/div>\r\n\t\t\t\t<\/div>\r\n\r\n\t\t\t\t\t\t<div style=\"clear: both;\"><\/div><\/div><div class=\"slideshow_view\">\r\n\t\t\t\t<div class=\"slideshow_slide slideshow_slide_image\">\r\n\t\t\t\t\t\t\t\t\t\t\t<img src=\"http:\/\/tedis-gmbh.de\/wp-content\/uploads\/2019\/02\/tedis_schiebetor_au\u00dfen.jpg\" alt=\"tedis_schiebetor_au\u00dfen\" width=\"1181\" height=\"1181\" \/>\r\n\t\t\t\t\t\t\t\t\t\t<div class=\"slideshow_description_box slideshow_transparent\">\r\n\t\t\t\t\t\t<div class=\"slideshow_title\">tedis_schiebetor_au\u00dfen<\/div>\t\t\t\t\t\t\t\t\t\t\t<\/div>\r\n\t\t\t\t<\/div>\r\n\r\n\t\t\t\t\t\t<div style=\"clear: both;\"><\/div><\/div><div class=\"slideshow_view\">\r\n\t\t\t\t<div class=\"slideshow_slide slideshow_slide_image\">\r\n\t\t\t\t\t\t\t\t\t\t\t<img src=\"http:\/\/tedis-gmbh.de\/wp-content\/uploads\/2019\/02\/tedis_rolltor_au\u00dfen.jpg\" alt=\"tedis_rolltor_au\u00dfen\" width=\"1181\" height=\"1181\" \/>\r\n\t\t\t\t\t\t\t\t\t\t<div class=\"slideshow_description_box slideshow_transparent\">\r\n\t\t\t\t\t\t<div class=\"slideshow_title\">tedis_rolltor_au\u00dfen<\/div>\t\t\t\t\t\t\t\t\t\t\t<\/div>\r\n\t\t\t\t<\/div>\r\n\r\n\t\t\t\t\t\t<div style=\"clear: both;\"><\/div><\/div><div class=\"slideshow_view\">\r\n\t\t\t\t<div class=\"slideshow_slide slideshow_slide_image\">\r\n\t\t\t\t\t\t\t\t\t\t\t<img src=\"http:\/\/tedis-gmbh.de\/wp-content\/uploads\/2019\/02\/tedis_reparatur_steuerung.jpg\" alt=\"tedis_reparatur_steuerung\" width=\"1181\" height=\"1181\" \/>\r\n\t\t\t\t\t\t\t\t\t\t<div class=\"slideshow_description_box slideshow_transparent\">\r\n\t\t\t\t\t\t<div class=\"slideshow_title\">tedis_reparatur_steuerung<\/div>\t\t\t\t\t\t\t\t\t\t\t<\/div>\r\n\t\t\t\t<\/div>\r\n\r\n\t\t\t\t\t\t<div style=\"clear: both;\"><\/div><\/div><div class=\"slideshow_view\">\r\n\t\t\t\t<div class=\"slideshow_slide slideshow_slide_image\">\r\n\t\t\t\t\t\t\t\t\t\t\t<img src=\"http:\/\/tedis-gmbh.de\/wp-content\/uploads\/2019\/02\/tedis_portalkran.jpg\" alt=\"tedis_portalkran\" width=\"1181\" height=\"1181\" \/>\r\n\t\t\t\t\t\t\t\t\t\t<div class=\"slideshow_description_box slideshow_transparent\">\r\n\t\t\t\t\t\t<div class=\"slideshow_title\">tedis_portalkran<\/div>\t\t\t\t\t\t\t\t\t\t\t<\/div>\r\n\t\t\t\t<\/div>\r\n\r\n\t\t\t\t\t\t<div style=\"clear: both;\"><\/div><\/div><div class=\"slideshow_view\">\r\n\t\t\t\t<div class=\"slideshow_slide slideshow_slide_image\">\r\n\t\t\t\t\t\t\t\t\t\t\t<img src=\"http:\/\/tedis-gmbh.de\/wp-content\/uploads\/2019\/02\/tedis_laufkatze_kettenzug.jpg\" alt=\"tedis_laufkatze_kettenzug\" width=\"1181\" height=\"1181\" \/>\r\n\t\t\t\t\t\t\t\t\t\t<div class=\"slideshow_description_box slideshow_transparent\">\r\n\t\t\t\t\t\t<div class=\"slideshow_title\">tedis_laufkatze_kettenzug<\/div>\t\t\t\t\t\t\t\t\t\t\t<\/div>\r\n\t\t\t\t<\/div>\r\n\r\n\t\t\t\t\t\t<div style=\"clear: both;\"><\/div><\/div><div class=\"slideshow_view\">\r\n\t\t\t\t<div class=\"slideshow_slide slideshow_slide_image\">\r\n\t\t\t\t\t\t\t\t\t\t\t<img src=\"http:\/\/tedis-gmbh.de\/wp-content\/uploads\/2019\/02\/tedis_instandhaltung.jpg\" alt=\"tedis_instandhaltung\" width=\"1181\" height=\"1181\" \/>\r\n\t\t\t\t\t\t\t\t\t\t<div class=\"slideshow_description_box slideshow_transparent\">\r\n\t\t\t\t\t\t<div class=\"slideshow_title\">tedis_instandhaltung<\/div>\t\t\t\t\t\t\t\t\t\t\t<\/div>\r\n\t\t\t\t<\/div>\r\n\r\n\t\t\t\t\t\t<div style=\"clear: both;\"><\/div><\/div><div class=\"slideshow_view\">\r\n\t\t\t\t<div class=\"slideshow_slide slideshow_slide_image\">\r\n\t\t\t\t\t\t\t\t\t\t\t<img src=\"http:\/\/tedis-gmbh.de\/wp-content\/uploads\/2019\/02\/tedis_hochregallager.jpg\" alt=\"tedis_hochregallager\" width=\"1181\" height=\"1181\" \/>\r\n\t\t\t\t\t\t\t\t\t\t<div class=\"slideshow_description_box slideshow_transparent\">\r\n\t\t\t\t\t\t<div class=\"slideshow_title\">tedis_hochregallager<\/div>\t\t\t\t\t\t\t\t\t\t\t<\/div>\r\n\t\t\t\t<\/div>\r\n\r\n\t\t\t\t\t\t<div style=\"clear: both;\"><\/div><\/div><div class=\"slideshow_view\">\r\n\t\t\t\t<div class=\"slideshow_slide slideshow_slide_image\">\r\n\t\t\t\t\t\t\t\t\t\t\t<img src=\"http:\/\/tedis-gmbh.de\/wp-content\/uploads\/2019\/02\/tedis_fernbedienung_tor_au\u00dfen.jpg\" alt=\"tedis_fernbedienung_tor_au\u00dfen\" width=\"1181\" height=\"1181\" \/>\r\n\t\t\t\t\t\t\t\t\t\t<div class=\"slideshow_description_box slideshow_transparent\">\r\n\t\t\t\t\t\t<div class=\"slideshow_title\">tedis_fernbedienung_tor_au\u00dfen<\/div>\t\t\t\t\t\t\t\t\t\t\t<\/div>\r\n\t\t\t\t<\/div>\r\n\r\n\t\t\t\t\t\t<div style=\"clear: both;\"><\/div><\/div><div class=\"slideshow_view\">\r\n\t\t\t\t<div class=\"slideshow_slide slideshow_slide_image\">\r\n\t\t\t\t\t\t\t\t\t\t\t<img src=\"http:\/\/tedis-gmbh.de\/wp-content\/uploads\/2019\/02\/tedis_dreht\u00fcr.jpg\" alt=\"tedis_dreht\u00fcr\" width=\"1181\" height=\"1181\" \/>\r\n\t\t\t\t\t\t\t\t\t\t<div class=\"slideshow_description_box slideshow_transparent\">\r\n\t\t\t\t\t\t<div class=\"slideshow_title\">tedis_dreht\u00fcr<\/div>\t\t\t\t\t\t\t\t\t\t\t<\/div>\r\n\t\t\t\t<\/div>\r\n\r\n\t\t\t\t\t\t<div style=\"clear: both;\"><\/div><\/div><div class=\"slideshow_view\">\r\n\t\t\t\t<div class=\"slideshow_slide slideshow_slide_image\">\r\n\t\t\t\t\t\t\t\t\t\t\t<img src=\"http:\/\/tedis-gmbh.de\/wp-content\/uploads\/2019\/02\/tedis_dachfenster.jpg\" alt=\"tedis_dachfenster\" width=\"1181\" height=\"1181\" \/>\r\n\t\t\t\t\t\t\t\t\t\t<div class=\"slideshow_description_box slideshow_transparent\">\r\n\t\t\t\t\t\t<div class=\"slideshow_title\">tedis_dachfenster<\/div>\t\t\t\t\t\t\t\t\t\t\t<\/div>\r\n\t\t\t\t<\/div>\r\n\r\n\t\t\t\t\t\t<div style=\"clear: both;\"><\/div><\/div>\r\n\t\t<\/div>\r\n\r\n\t\t<div class=\"slideshow_controlPanel slideshow_transparent\" style=\"display: none;\"><ul><li class=\"slideshow_togglePlay\" data-play-text=\"Abspielen\" data-pause-text=\"Pause\"><\/li><\/ul><\/div>\r\n\r\n\t\t<div class=\"slideshow_button slideshow_previous slideshow_transparent\" role=\"button\" data-previous-text=\"Zur\u00fcck\" style=\"display: none;\"><\/div>\r\n\t\t<div class=\"slideshow_button slideshow_next slideshow_transparent\" role=\"button\" data-next-text=\"N\u00e4chstes\" style=\"display: none;\"><\/div>\r\n\r\n\t\t<div class=\"slideshow_pagination\" style=\"display: none;\" data-go-to-text=\"Gehe zum Bild\"><div class=\"slideshow_pagination_center\"><\/div><\/div>\r\n\r\n\t\t<!-- WordPress Slideshow Version 2.3.1 -->\r\n\r\n\t\t\t<\/div>\r\n\r\n\n<\/div>\n<\/div>\n\n\n\n<ul class=\"wp-block-gallery columns-4 is-cropped slideshow_deploy id='468'\"><li class=\"blocks-gallery-item\"><figure><a href=\"http:\/\/test01.tedis-gmbh.de\/wp-content\/uploads\/2019\/02\/Portalkran_Tedis_Outside.jpg\"><img loading=\"lazy\" width=\"632\" height=\"422\" src=\"http:\/\/test01.tedis-gmbh.de\/wp-content\/uploads\/2019\/02\/Portalkran_Tedis_Outside.jpg\" alt=\"\" data-id=\"366\" data-link=\"http:\/\/test01.tedis-gmbh.de\/?attachment_id=366#main\" class=\"wp-image-366\" srcset=\"http:\/\/tedis-gmbh.de\/wp-content\/uploads\/2019\/02\/Portalkran_Tedis_Outside.jpg 632w, http:\/\/tedis-gmbh.de\/wp-content\/uploads\/2019\/02\/Portalkran_Tedis_Outside-300x200.jpg 300w\" sizes=\"(max-width: 632px) 100vw, 632px\" \/><\/a><\/figure><\/li><li class=\"blocks-gallery-item\"><figure><a href=\"http:\/\/test01.tedis-gmbh.de\/wp-content\/uploads\/2018\/09\/bild73-gr.jpg\"><img loading=\"lazy\" width=\"500\" height=\"333\" src=\"http:\/\/test01.tedis-gmbh.de\/wp-content\/uploads\/2018\/09\/bild73-gr.jpg\" alt=\"\" data-id=\"83\" data-link=\"http:\/\/test01.tedis-gmbh.de\/?attachment_id=83\" class=\"wp-image-83\" srcset=\"http:\/\/tedis-gmbh.de\/wp-content\/uploads\/2018\/09\/bild73-gr.jpg 500w, http:\/\/tedis-gmbh.de\/wp-content\/uploads\/2018\/09\/bild73-gr-300x200.jpg 300w\" sizes=\"(max-width: 500px) 100vw, 500px\" \/><\/a><\/figure><\/li><li class=\"blocks-gallery-item\"><figure><a href=\"http:\/\/test01.tedis-gmbh.de\/wp-content\/uploads\/2018\/09\/bild70.jpg\"><img loading=\"lazy\" width=\"200\" height=\"133\" src=\"http:\/\/test01.tedis-gmbh.de\/wp-content\/uploads\/2018\/09\/bild70.jpg\" alt=\"\" data-id=\"76\" data-link=\"http:\/\/test01.tedis-gmbh.de\/?attachment_id=76\" class=\"wp-image-76\"\/><\/a><\/figure><\/li><li class=\"blocks-gallery-item\"><figure><a href=\"http:\/\/test01.tedis-gmbh.de\/wp-content\/uploads\/2018\/09\/bild72-gr.jpg\"><img loading=\"lazy\" width=\"500\" height=\"333\" src=\"http:\/\/test01.tedis-gmbh.de\/wp-content\/uploads\/2018\/09\/bild72-gr.jpg\" alt=\"\" data-id=\"81\" data-link=\"http:\/\/test01.tedis-gmbh.de\/?attachment_id=81\" class=\"wp-image-81\" srcset=\"http:\/\/tedis-gmbh.de\/wp-content\/uploads\/2018\/09\/bild72-gr.jpg 500w, http:\/\/tedis-gmbh.de\/wp-content\/uploads\/2018\/09\/bild72-gr-300x200.jpg 300w\" sizes=\"(max-width: 500px) 100vw, 500px\" \/><\/a><\/figure><\/li><\/ul>\n","protected":false},"excerpt":{"rendered":"<p>Die Fa. TEDIS GmbH liefert ihnen auch Betriebsmittel f\u00fcr die Neu- und Ersatzbeschaffung! Wir beraten Sie gerne vor Ort und k\u00f6nnen ihnen mit unserer Erfahrung die passende L\u00f6sung anbieten. Fragen Sie uns an, falls sie Bedarf an Betriebsmitteln in unserem Spektrum haben. Hydraulikanlagen f\u00fcr Hebe- und Antriebstechnik Krane, Kettenz\u00fcge, Hebezeuge, Lastaufnahmemittel T\u00fcren und Tore; auch &#8230; <a title=\"Produkte\" class=\"read-more\" href=\"http:\/\/tedis-gmbh.de\/?page_id=166\">Read more<\/a><\/p>\n","protected":false},"author":1,"featured_media":0,"parent":0,"menu_order":0,"comment_status":"closed","ping_status":"closed","template":"","meta":[],"_links":{"self":[{"href":"http:\/\/tedis-gmbh.de\/index.php?rest_route=\/wp\/v2\/pages\/166"}],"collection":[{"href":"http:\/\/tedis-gmbh.de\/index.php?rest_route=\/wp\/v2\/pages"}],"about":[{"href":"http:\/\/tedis-gmbh.de\/index.php?rest_route=\/wp\/v2\/types\/page"}],"author":[{"embeddable":true,"href":"http:\/\/tedis-gmbh.de\/index.php?rest_route=\/wp\/v2\/users\/1"}],"replies":[{"embeddable":true,"href":"http:\/\/tedis-gmbh.de\/index.php?rest_route=%2Fwp%2Fv2%2Fcomments&post=166"}],"version-history":[{"count":22,"href":"http:\/\/tedis-gmbh.de\/index.php?rest_route=\/wp\/v2\/pages\/166\/revisions"}],"predecessor-version":[{"id":814,"href":"http:\/\/tedis-gmbh.de\/index.php?rest_route=\/wp\/v2\/pages\/166\/revisions\/814"}],"wp:attachment":[{"href":"http:\/\/tedis-gmbh.de\/index.php?rest_route=%2Fwp%2Fv2%2Fmedia&parent=166"}],"curies":[{"name":"wp","href":"https:\/\/api.w.org\/{rel}","templated":true}]}}