{"id":151,"date":"2019-01-17T20:32:16","date_gmt":"2019-01-17T20:32:16","guid":{"rendered":"http:\/\/test01.tedis-gmbh.de\/?page_id=151"},"modified":"2019-02-10T19:17:05","modified_gmt":"2019-02-10T18:17:05","slug":"stoerungsbeseitigung","status":"publish","type":"page","link":"http:\/\/tedis-gmbh.de\/?page_id=151","title":{"rendered":"St\u00f6rungsbeseitigung"},"content":{"rendered":"\n<p>Die Fa. TEDIS GmbH steht ihnen zur Beseitigung von Betriebsst\u00f6rungen kurzfristig zur Verf\u00fcgung.\u200b <br>Innerhalb der normalen Arbeitszeiten erreichen Sie uns per Telefon und schildern uns ihr Problem.\u200b<br>Wir versuchen Ihnen schon hier mit L\u00f6sungsans\u00e4tzen zu helfen.\u200b<\/p>\n\n\n\n<p>Bei dringenden Anforderungen versuchen wir kurzfristig einen Service-Monteur bei einem anderen Einsatz abzuziehen, um eventuell mit einer Notreparatur Lieferzeiten f\u00fcr Ersatzteile zu \u00fcberbr\u00fccken.\u200b<\/p>\n\n\n\n<div class=\"wp-block-image\"><figure class=\"alignright is-resized\"><img loading=\"lazy\" src=\"http:\/\/test01.tedis-gmbh.de\/wp-content\/uploads\/2019\/02\/tedis_gmbh_service.jpg\" alt=\"\" class=\"wp-image-509\" width=\"363\" height=\"196\" srcset=\"http:\/\/tedis-gmbh.de\/wp-content\/uploads\/2019\/02\/tedis_gmbh_service.jpg 719w, http:\/\/tedis-gmbh.de\/wp-content\/uploads\/2019\/02\/tedis_gmbh_service-300x162.jpg 300w\" sizes=\"(max-width: 363px) 100vw, 363px\" \/><\/figure><\/div>\n\n\n\n<p>Sie erreichen uns:<\/p>\n\n\n\n<p>     Mo- Fr von 8:00 \u2013 17:00 Uhr\u200b<\/p>\n\n\n\n<p>     Tel. 0 66 55 \u2013 9 11 39 &#8211; 30\u00a0\u200b<\/p>\n\n\n\n<p>Nehmen Sie <a href=\"http:\/\/test01.tedis-gmbh.de\/?page_id=168\">Kontakt<\/a> mit uns auf.<br><\/p>\n","protected":false},"excerpt":{"rendered":"<p>Die Fa. TEDIS GmbH steht ihnen zur Beseitigung von Betriebsst\u00f6rungen kurzfristig zur Verf\u00fcgung.\u200b Innerhalb der normalen Arbeitszeiten erreichen Sie uns per Telefon und schildern uns ihr Problem.\u200bWir versuchen Ihnen schon hier mit L\u00f6sungsans\u00e4tzen zu helfen.\u200b Bei dringenden Anforderungen versuchen wir kurzfristig einen Service-Monteur bei einem anderen Einsatz abzuziehen, um eventuell mit einer Notreparatur Lieferzeiten f\u00fcr &#8230; <a title=\"St\u00f6rungsbeseitigung\" class=\"read-more\" href=\"http:\/\/tedis-gmbh.de\/?page_id=151\">Read more<\/a><\/p>\n","protected":false},"author":1,"featured_media":0,"parent":0,"menu_order":0,"comment_status":"closed","ping_status":"closed","template":"","meta":[],"_links":{"self":[{"href":"http:\/\/tedis-gmbh.de\/index.php?rest_route=\/wp\/v2\/pages\/151"}],"collection":[{"href":"http:\/\/tedis-gmbh.de\/index.php?rest_route=\/wp\/v2\/pages"}],"about":[{"href":"http:\/\/tedis-gmbh.de\/index.php?rest_route=\/wp\/v2\/types\/page"}],"author":[{"embeddable":true,"href":"http:\/\/tedis-gmbh.de\/index.php?rest_route=\/wp\/v2\/users\/1"}],"replies":[{"embeddable":true,"href":"http:\/\/tedis-gmbh.de\/index.php?rest_route=%2Fwp%2Fv2%2Fcomments&post=151"}],"version-history":[{"count":2,"href":"http:\/\/tedis-gmbh.de\/index.php?rest_route=\/wp\/v2\/pages\/151\/revisions"}],"predecessor-version":[{"id":510,"href":"http:\/\/tedis-gmbh.de\/index.php?rest_route=\/wp\/v2\/pages\/151\/revisions\/510"}],"wp:attachment":[{"href":"http:\/\/tedis-gmbh.de\/index.php?rest_route=%2Fwp%2Fv2%2Fmedia&parent=151"}],"curies":[{"name":"wp","href":"https:\/\/api.w.org\/{rel}","templated":true}]}}